{"id":10445,"date":"2019-06-12T13:20:48","date_gmt":"2019-06-12T11:20:48","guid":{"rendered":"https:\/\/badajoz.salesianos.edu\/colegio\/?page_id=10445"},"modified":"2025-06-15T18:39:17","modified_gmt":"2025-06-15T16:39:17","slug":"oxford","status":"publish","type":"page","link":"https:\/\/badajoz.salesianos.edu\/colegio\/servicios\/examenes-de-idiomas\/oxford\/","title":{"rendered":"Oxford Test Of English"},"content":{"rendered":"<div id=\"fb-root\"><\/div>\n<p>[et_pb_section fb_built=\u00bb1&#8243; fullwidth=\u00bbon\u00bb disabled_on=\u00bboff|off|off\u00bb admin_label=\u00bbEncabezado\u00bb _builder_version=\u00bb4.27.0&#8243; _module_preset=\u00bbdefault\u00bb background_enable_color=\u00bboff\u00bb use_background_color_gradient=\u00bbon\u00bb background_color_gradient_stops=\u00bbrgba(255,255,255,0.5) 0%|#ffffff 100%\u00bb background_color_gradient_overlays_image=\u00bbon\u00bb background_image=\u00bbhttps:\/\/badajoz.salesianos.edu\/colegio\/wp-content\/uploads\/sites\/2\/2024\/11\/Fondo-Salesianos-gris-logo.jpg\u00bb custom_padding=\u00bb||40px||false|false\u00bb locked=\u00bboff\u00bb global_colors_info=\u00bb{}\u00bb][et_pb_fullwidth_header title=\u00bbOxford Test Of English\u00bb subhead=\u00bbSalesianos Badajoz\u00bb text_orientation=\u00bbcenter\u00bb admin_label=\u00bbEncabezado\u00bb _builder_version=\u00bb4.27.4&#8243; _module_preset=\u00bbdefault\u00bb title_font=\u00bbLato|900|||||||\u00bb title_text_color=\u00bb#dc0613&#8243; title_font_size=\u00bb60px\u00bb content_font=\u00bb||||||||\u00bb content_text_color=\u00bb#51626F\u00bb content_font_size=\u00bb16px\u00bb subhead_font=\u00bbLato|300|on||||||\u00bb subhead_text_color=\u00bb#51626F\u00bb subhead_font_size=\u00bb30px\u00bb background_enable_color=\u00bboff\u00bb custom_button_one=\u00bbon\u00bb button_one_text_size=\u00bb15px\u00bb button_one_text_color=\u00bb#ffffff\u00bb button_one_bg_color=\u00bb#dc001b\u00bb button_one_border_width=\u00bb5px\u00bb button_one_border_color=\u00bb#dc001b\u00bb button_one_border_radius=\u00bb100px\u00bb button_one_letter_spacing=\u00bb0px\u00bb button_one_font=\u00bbLato|700||on|||||\u00bb button_one_use_icon=\u00bboff\u00bb button_one_custom_padding=\u00bb|18px||18px|false|true\u00bb custom_button_two=\u00bbon\u00bb button_two_text_size=\u00bb15px\u00bb button_two_text_color=\u00bb#ffffff\u00bb button_two_bg_color=\u00bb#dc001b\u00bb button_two_border_width=\u00bb5px\u00bb button_two_border_color=\u00bb#dc001b\u00bb button_two_border_radius=\u00bb100px\u00bb button_two_letter_spacing=\u00bb0px\u00bb button_two_font=\u00bbLato|700||on|||||\u00bb button_two_use_icon=\u00bboff\u00bb button_two_custom_padding=\u00bb|18px||18px|false|true\u00bb custom_margin=\u00bb|-100px||-100px|false|true\u00bb custom_padding=\u00bb60px|10px|0px|10px|false|true\u00bb title_font_size_tablet=\u00bb60px\u00bb title_font_size_phone=\u00bb40px\u00bb title_font_size_last_edited=\u00bbon|phone\u00bb box_shadow_style_button_one=\u00bbpreset3&#8243; box_shadow_style_button_two=\u00bbpreset3&#8243; global_colors_info=\u00bb{}\u00bb button_one_custom_padding__hover=\u00bb|26px||26px|false|true\u00bb button_one_custom_padding__hover_enabled=\u00bbon|hover\u00bb button_two_custom_padding__hover=\u00bb|26px||26px|false|true\u00bb button_two_custom_padding__hover_enabled=\u00bbon|desktop\u00bb][\/et_pb_fullwidth_header][\/et_pb_section][et_pb_section fb_built=\u00bb1&#8243; _builder_version=\u00bb4.27.4&#8243; _module_preset=\u00bbdefault\u00bb locked=\u00bboff\u00bb global_colors_info=\u00bb{}\u00bb][et_pb_row disabled_on=\u00bboff|off|off\u00bb _builder_version=\u00bb4.18.0&#8243; width=\u00bb100%\u00bb max_width=\u00bb100%\u00bb height_last_edited=\u00bboff|desktop\u00bb locked=\u00bboff\u00bb global_colors_info=\u00bb{}\u00bb][et_pb_column type=\u00bb4_4&#8243; _builder_version=\u00bb4.16&#8243; global_colors_info=\u00bb{}\u00bb][et_pb_divimenus hide_button=\u00bbon\u00bb tooltip_behavior=\u00bbalways\u00bb title_clickable=\u00bbon\u00bb square_corners=\u00bbon\u00bb central_item_circle_color=\u00bbrgba(0,0,0,0)\u00bb central_item_circle_radii=\u00bb0%|0%|0%|0%|true|true\u00bb central_item_icon_font_size=\u00bb32px\u00bb menu_item_circle_color=\u00bbrgba(0,0,0,0)\u00bb menu_item_circle_radii=\u00bb0%|0%|0%|0%|true|true\u00bb menu_item_icon_color=\u00bb#DC001B\u00bb menu_item_icon_font_size=\u00bb35px\u00bb tooltip_padding=\u00bb3px\u00bb tooltip_width=\u00bb100px\u00bb menu_item_distance=\u00bb30px\u00bb central_item_bg_padding=\u00bb0px\u00bb item_padding=\u00bb4px\u00bb central_item_image_size_tablet=\u00bb57&#8243; central_item_image_size_phone=\u00bb57&#8243; admin_label=\u00bbAccesos directos\u00bb _builder_version=\u00bb4.27.4&#8243; tooltip_font=\u00bb|600|||||||\u00bb tooltip_text_color=\u00bb#51626F\u00bb tooltip_font_size=\u00bb13px\u00bb background_color=\u00bbrgba(0,0,0,0)\u00bb custom_margin=\u00bb||||false|false\u00bb custom_padding=\u00bb|40px|20px||false|false\u00bb animation_direction=\u00bbright\u00bb hover_enabled=\u00bb0&#8243; global_colors_info=\u00bb{}\u00bb tooltip_text_color__hover_enabled=\u00bbon|desktop\u00bb tooltip_text_color__hover=\u00bb#51626F\u00bb central_item_image_height=\u00bb57&#8243; central_item_image_height_t=\u00bb57&#8243; central_item_image_height_p=\u00bb57&#8243; sticky_enabled=\u00bb0&#8243;][et_pb_divimenus_item title=\u00bbModelos\u00bb item_font_icon=\u00bb&#xf51c;||fa||900&#8243; url=\u00bb#modelo\u00bb _builder_version=\u00bb4.27.4&#8243; _module_preset=\u00bbdefault\u00bb global_colors_info=\u00bb{}\u00bb transform_styles__hover_enabled=\u00bbon|hover\u00bb transform_scale__hover_enabled=\u00bbon|hover\u00bb transform_translate__hover_enabled=\u00bbon|desktop\u00bb transform_rotate__hover_enabled=\u00bbon|desktop\u00bb transform_skew__hover_enabled=\u00bbon|desktop\u00bb transform_origin__hover_enabled=\u00bbon|desktop\u00bb transform_scale__hover=\u00bb103%|103%\u00bb disable_items=\u00bboff\u00bb menu_item_font_icon=\u00bbL||divi||400&#8243; menu_item_image=\u00bbdata:image\/svg+xml;base64,PHN2ZyB3aWR0aD0iNTQwIiBoZWlnaHQ9IjU0MCIgdmlld0JveD0iMCAwIDU0MCA1NDAiIHhtbG5zPSJodHRwOi8vd3d3LnczLm9yZy8yMDAwL3N2ZyI+CiAgICA8ZyBmaWxsPSJub25lIiBmaWxsLXJ1bGU9ImV2ZW5vZGQiPgogICAgICAgIDxwYXRoIGZpbGw9IiNFQkVCRUIiIGQ9Ik0wIDBoMTA4MHY1NDBIMHoiLz4KICAgICAgICA8cGF0aCBkPSJNNDQ1LjY0OSA1NDBoLTk4Ljk5NUwxNDQuNjQ5IDMzNy45OTUgMCA0ODIuNjQ0di05OC45OTVsMTE2LjM2NS0xMTYuMzY1YzE1LjYyLTE1LjYyIDQwLjk0Ny0xNS42MiA1Ni41NjggMEw0NDUuNjUgNTQweiIgZmlsbC1vcGFjaXR5PSIuMSIgZmlsbD0iIzAwMCIgZmlsbC1ydWxlPSJub256ZXJvIi8+CiAgICAgICAgPGNpcmNsZSBmaWxsLW9wYWNpdHk9Ii4wNSIgZmlsbD0iIzAwMCIgY3g9IjMzMSIgY3k9IjE0OCIgcj0iNzAiLz4KICAgICAgICA8cGF0aCBkPSJNMTA4MCAzNzl2MTEzLjEzN0w3MjguMTYyIDE0MC4zIDMyOC40NjIgNTQwSDIxNS4zMjRMNjk5Ljg3OCA1NS40NDZjMTUuNjItMTUuNjIgNDAuOTQ4LTE1LjYyIDU2LjU2OCAwTDEwODAgMzc5eiIgZmlsbC1vcGFjaXR5PSIuMiIgZmlsbD0iIzAwMCIgZmlsbC1ydWxlPSJub256ZXJvIi8+CiAgICA8L2c+Cjwvc3ZnPgo=\u00bb menu_item_show_title=\u00bbon\u00bb menu_item_equal_size=\u00bbon\u00bb menu_item_select=\u00bbicon_option\u00bb menu_item_use_border=\u00bboff\u00bb title_clickable=\u00bbon\u00bb tooltip_use_background=\u00bboff\u00bb tooltip_behavior=\u00bbalways\u00bb child_order=\u00bb0&#8243; item_padding_lr=\u00bb4&#8243; item_padding_tb=\u00bb4&#8243; item_padding_lr_t=\u00bb4&#8243; item_padding_tb_t=\u00bb4&#8243; item_padding_lr_p=\u00bb4&#8243; item_padding_tb_p=\u00bb4&#8243;][\/et_pb_divimenus_item][et_pb_divimenus_item title=\u00bbPr\u00f3ximo Examen\u00bb item_font_icon=\u00bb&#xf133;||fa||400&#8243; url=\u00bb#examen\u00bb _builder_version=\u00bb4.27.4&#8243; _module_preset=\u00bbdefault\u00bb global_colors_info=\u00bb{}\u00bb transform_styles__hover_enabled=\u00bbon|hover\u00bb transform_scale__hover_enabled=\u00bbon|hover\u00bb transform_translate__hover_enabled=\u00bbon|desktop\u00bb transform_rotate__hover_enabled=\u00bbon|desktop\u00bb transform_skew__hover_enabled=\u00bbon|desktop\u00bb transform_origin__hover_enabled=\u00bbon|desktop\u00bb transform_scale__hover=\u00bb103%|103%\u00bb disable_items=\u00bboff\u00bb menu_item_font_icon=\u00bbL||divi||400&#8243; menu_item_image=\u00bbdata:image\/svg+xml;base64,PHN2ZyB3aWR0aD0iNTQwIiBoZWlnaHQ9IjU0MCIgdmlld0JveD0iMCAwIDU0MCA1NDAiIHhtbG5zPSJodHRwOi8vd3d3LnczLm9yZy8yMDAwL3N2ZyI+CiAgICA8ZyBmaWxsPSJub25lIiBmaWxsLXJ1bGU9ImV2ZW5vZGQiPgogICAgICAgIDxwYXRoIGZpbGw9IiNFQkVCRUIiIGQ9Ik0wIDBoMTA4MHY1NDBIMHoiLz4KICAgICAgICA8cGF0aCBkPSJNNDQ1LjY0OSA1NDBoLTk4Ljk5NUwxNDQuNjQ5IDMzNy45OTUgMCA0ODIuNjQ0di05OC45OTVsMTE2LjM2NS0xMTYuMzY1YzE1LjYyLTE1LjYyIDQwLjk0Ny0xNS42MiA1Ni41NjggMEw0NDUuNjUgNTQweiIgZmlsbC1vcGFjaXR5PSIuMSIgZmlsbD0iIzAwMCIgZmlsbC1ydWxlPSJub256ZXJvIi8+CiAgICAgICAgPGNpcmNsZSBmaWxsLW9wYWNpdHk9Ii4wNSIgZmlsbD0iIzAwMCIgY3g9IjMzMSIgY3k9IjE0OCIgcj0iNzAiLz4KICAgICAgICA8cGF0aCBkPSJNMTA4MCAzNzl2MTEzLjEzN0w3MjguMTYyIDE0MC4zIDMyOC40NjIgNTQwSDIxNS4zMjRMNjk5Ljg3OCA1NS40NDZjMTUuNjItMTUuNjIgNDAuOTQ4LTE1LjYyIDU2LjU2OCAwTDEwODAgMzc5eiIgZmlsbC1vcGFjaXR5PSIuMiIgZmlsbD0iIzAwMCIgZmlsbC1ydWxlPSJub256ZXJvIi8+CiAgICA8L2c+Cjwvc3ZnPgo=\u00bb menu_item_show_title=\u00bbon\u00bb menu_item_equal_size=\u00bbon\u00bb menu_item_select=\u00bbicon_option\u00bb menu_item_use_border=\u00bboff\u00bb title_clickable=\u00bbon\u00bb tooltip_use_background=\u00bboff\u00bb tooltip_behavior=\u00bbalways\u00bb child_order=\u00bb1&#8243; item_padding_lr=\u00bb4&#8243; item_padding_tb=\u00bb4&#8243; item_padding_lr_t=\u00bb4&#8243; item_padding_tb_t=\u00bb4&#8243; item_padding_lr_p=\u00bb4&#8243; item_padding_tb_p=\u00bb4&#8243;][\/et_pb_divimenus_item][et_pb_divimenus_item title=\u00bbTabla de precios\u00bb item_font_icon=\u00bb&#xf153;||fa||900&#8243; url=\u00bb#precios\u00bb _builder_version=\u00bb4.27.4&#8243; _module_preset=\u00bbdefault\u00bb hover_enabled=\u00bb0&#8243; global_colors_info=\u00bb{}\u00bb transform_styles__hover_enabled=\u00bbon|hover\u00bb transform_scale__hover_enabled=\u00bbon|hover\u00bb transform_translate__hover_enabled=\u00bbon|desktop\u00bb transform_rotate__hover_enabled=\u00bbon|desktop\u00bb transform_skew__hover_enabled=\u00bbon|desktop\u00bb transform_origin__hover_enabled=\u00bbon|desktop\u00bb transform_scale__hover=\u00bb103%|103%\u00bb disable_items=\u00bboff\u00bb menu_item_font_icon=\u00bbL||divi||400&#8243; menu_item_image=\u00bbdata:image\/svg+xml;base64,PHN2ZyB3aWR0aD0iNTQwIiBoZWlnaHQ9IjU0MCIgdmlld0JveD0iMCAwIDU0MCA1NDAiIHhtbG5zPSJodHRwOi8vd3d3LnczLm9yZy8yMDAwL3N2ZyI+CiAgICA8ZyBmaWxsPSJub25lIiBmaWxsLXJ1bGU9ImV2ZW5vZGQiPgogICAgICAgIDxwYXRoIGZpbGw9IiNFQkVCRUIiIGQ9Ik0wIDBoMTA4MHY1NDBIMHoiLz4KICAgICAgICA8cGF0aCBkPSJNNDQ1LjY0OSA1NDBoLTk4Ljk5NUwxNDQuNjQ5IDMzNy45OTUgMCA0ODIuNjQ0di05OC45OTVsMTE2LjM2NS0xMTYuMzY1YzE1LjYyLTE1LjYyIDQwLjk0Ny0xNS42MiA1Ni41NjggMEw0NDUuNjUgNTQweiIgZmlsbC1vcGFjaXR5PSIuMSIgZmlsbD0iIzAwMCIgZmlsbC1ydWxlPSJub256ZXJvIi8+CiAgICAgICAgPGNpcmNsZSBmaWxsLW9wYWNpdHk9Ii4wNSIgZmlsbD0iIzAwMCIgY3g9IjMzMSIgY3k9IjE0OCIgcj0iNzAiLz4KICAgICAgICA8cGF0aCBkPSJNMTA4MCAzNzl2MTEzLjEzN0w3MjguMTYyIDE0MC4zIDMyOC40NjIgNTQwSDIxNS4zMjRMNjk5Ljg3OCA1NS40NDZjMTUuNjItMTUuNjIgNDAuOTQ4LTE1LjYyIDU2LjU2OCAwTDEwODAgMzc5eiIgZmlsbC1vcGFjaXR5PSIuMiIgZmlsbD0iIzAwMCIgZmlsbC1ydWxlPSJub256ZXJvIi8+CiAgICA8L2c+Cjwvc3ZnPgo=\u00bb menu_item_show_title=\u00bbon\u00bb menu_item_equal_size=\u00bbon\u00bb menu_item_select=\u00bbicon_option\u00bb menu_item_use_border=\u00bboff\u00bb title_clickable=\u00bbon\u00bb tooltip_use_background=\u00bboff\u00bb tooltip_behavior=\u00bbalways\u00bb child_order=\u00bb2&#8243; item_padding_lr=\u00bb12&#8243; item_padding_tb=\u00bb12&#8243; item_padding_lr_t=\u00bb12&#8243; item_padding_tb_t=\u00bb12&#8243; item_padding_lr_p=\u00bb12&#8243; item_padding_tb_p=\u00bb12&#8243; item_use_padding=\u00bbon\u00bb menu_item_padding=\u00bb12&#8243; menu_item_padding_tablet=\u00bb12&#8243; menu_item_padding_phone=\u00bb12&#8243; sticky_enabled=\u00bb0&#8243;][\/et_pb_divimenus_item][\/et_pb_divimenus][\/et_pb_column][\/et_pb_row][\/et_pb_section][et_pb_section fb_built=\u00bb1&#8243; _builder_version=\u00bb4.27.4&#8243; _module_preset=\u00bbdefault\u00bb background_color=\u00bb#ffffff\u00bb custom_padding=\u00bb50px|0px|40px|0px|false|false\u00bb border_width_bottom=\u00bb2px\u00bb border_color_bottom=\u00bbrgba(81,98,111,0.27)\u00bb border_style_bottom=\u00bbdashed\u00bb global_colors_info=\u00bb{}\u00bb][et_pb_row column_structure=\u00bb3_5,2_5&#8243; make_equal=\u00bbon\u00bb _builder_version=\u00bb4.27.4&#8243; _module_preset=\u00bbdefault\u00bb locked=\u00bboff\u00bb global_colors_info=\u00bb{}\u00bb][et_pb_column type=\u00bb3_5&#8243; _builder_version=\u00bb4.27.4&#8243; _module_preset=\u00bbdefault\u00bb global_colors_info=\u00bb{}\u00bb][et_pb_text _builder_version=\u00bb4.27.4&#8243; _module_preset=\u00bbdefault\u00bb text_font_size=\u00bb18px\u00bb custom_css_main_element=\u00bbdisplay: inline-block;||vertical-align: middle;\u00bb global_colors_info=\u00bb{}\u00bb]<\/p>\n<p style=\"text-align: justify;\"><strong>Somos un centro examinador oficial de la Universidad de Oxford<\/strong>, lo que nos permite ofrecer los \u00fanicos ex\u00e1menes de competencia general en ingl\u00e9s certificados por esta prestigiosa instituci\u00f3n: el\u00a0<strong>Oxford Test of English<\/strong>, el\u00a0<strong>Oxford Test of English for Schools<\/strong>\u00a0y el\u00a0<strong>Oxford Test of English Advanced<\/strong>.<\/p>\n<p style=\"text-align: justify;\">Estos ex\u00e1menes, basados en tecnolog\u00eda adaptativa, garantizan una evaluaci\u00f3n precisa con resultados r\u00e1pidos. Son completamente en l\u00ednea y tienen una duraci\u00f3n aproximada de dos horas. Eval\u00faan las cuatro habilidades esenciales del idioma:\u00a0<strong>hablar, escuchar, leer y escribir<\/strong>, pudiendo realizarse de manera conjunta, separada o en combinaci\u00f3n. La supervisi\u00f3n y calificaci\u00f3n est\u00e1n a cargo de profesionales, y los ex\u00e1menes cuentan con el respaldo de un n\u00famero creciente de universidades, instituciones educativas y organizaciones a nivel mundial. Adem\u00e1s, los resultados tienen validez indefinida.<\/p>\n<p>[\/et_pb_text][\/et_pb_column][et_pb_column type=\u00bb2_5&#8243; _builder_version=\u00bb4.27.4&#8243; _module_preset=\u00bbdefault\u00bb custom_css_main_element=\u00bbdisplay: flex;||align-items: center;||justify-content: center; \/* Opcional: centra tambi\u00e9n horizontalmente *\/\u00bb global_colors_info=\u00bb{}\u00bb][et_pb_image src=\u00bbhttps:\/\/badajoz.salesianos.edu\/colegio\/wp-content\/uploads\/sites\/2\/2025\/06\/OTE-LogoApproved-test-centretransparent.png\u00bb title_text=\u00bbOTE-Logo+Approved-test-centre+transparent\u00bb align=\u00bbcenter\u00bb align_tablet=\u00bbcenter\u00bb align_last_edited=\u00bboff|desktop\u00bb _builder_version=\u00bb4.27.4&#8243; animation_style=\u00bbslide\u00bb animation_direction=\u00bbleft\u00bb animation_duration=\u00bb500ms\u00bb animation_intensity_slide=\u00bb10%\u00bb global_colors_info=\u00bb{}\u00bb][\/et_pb_image][\/et_pb_column][\/et_pb_row][\/et_pb_section][et_pb_section fb_built=\u00bb1&#8243; module_id=\u00bbmodelo\u00bb _builder_version=\u00bb4.27.4&#8243; _module_preset=\u00bbdefault\u00bb background_color=\u00bb#ffffff\u00bb custom_padding=\u00bb50px|0px|40px|0px|false|false\u00bb border_width_bottom=\u00bb2px\u00bb border_color_bottom=\u00bbrgba(81,98,111,0.27)\u00bb border_style_bottom=\u00bbdashed\u00bb global_colors_info=\u00bb{}\u00bb][et_pb_row column_structure=\u00bb1_2,1_2&#8243; _builder_version=\u00bb4.27.4&#8243; _module_preset=\u00bbdefault\u00bb width=\u00bb82.5%\u00bb min_height=\u00bb430.3px\u00bb global_colors_info=\u00bb{}\u00bb][et_pb_column type=\u00bb1_2&#8243; _builder_version=\u00bb4.27.4&#8243; _module_preset=\u00bbdefault\u00bb global_colors_info=\u00bb{}\u00bb][et_pb_image src=\u00bbhttps:\/\/badajoz.salesianos.edu\/colegio\/wp-content\/uploads\/sites\/2\/2025\/06\/sala-examen-oxford-scaled.jpg\u00bb title_text=\u00bbsala-examen-oxford\u00bb _builder_version=\u00bb4.27.4&#8243; _module_preset=\u00bbdefault\u00bb global_colors_info=\u00bb{}\u00bb][\/et_pb_image][\/et_pb_column][et_pb_column type=\u00bb1_2&#8243; _builder_version=\u00bb4.27.4&#8243; _module_preset=\u00bbdefault\u00bb custom_padding=\u00bb||31px||false|false\u00bb global_colors_info=\u00bb{}\u00bb][ba_gradient_heading title=\u00bbEvaluaciones:\u00bb html_tag=\u00bbh3&#8243; gradient_type=\u00bbradial\u00bb primary_color=\u00bb#FFFFFF\u00bb primary_color_location=\u00bb25&#8243; secondary_color=\u00bb#FFFFFF\u00bb secondary_color_location=\u00bb70&#8243; _builder_version=\u00bb4.27.4&#8243; _module_preset=\u00bbdefault\u00bb title_font_size=\u00bb2rem\u00bb background_color=\u00bb#E02B20&#8243; text_orientation=\u00bbleft\u00bb module_alignment=\u00bbleft\u00bb custom_margin=\u00bb|9px||-34px|false|false\u00bb custom_padding=\u00bb10px|0px||45px|false|false\u00bb global_colors_info=\u00bb{}\u00bb][\/ba_gradient_heading][et_pb_text _builder_version=\u00bb4.27.4&#8243; _module_preset=\u00bbdefault\u00bb text_font_size=\u00bb18px\u00bb global_colors_info=\u00bb{}\u00bb]<\/p>\n<ul>\n<li style=\"text-align: justify;\"><strong>Oxford Test of English<\/strong>: Eval\u00faa los niveles\u00a0<strong>A2-B2<\/strong>\u00a0del Marco Com\u00fan Europeo de Referencia para las Lenguas (MCER), y est\u00e1 dirigido a personas de 16 a\u00f1os en adelante.<\/li>\n<li style=\"text-align: justify;\"><strong>Oxford Test of English Advanced<\/strong>: Eval\u00faa los niveles\u00a0<strong>B2-C1<\/strong>\u00a0del MCER, y mide con precisi\u00f3n las habilidades necesarias para desenvolverse con \u00e9xito en entornos acad\u00e9micos y profesionales, incluyendo la capacidad para resumir, debatir, redactar ensayos y comunicarse de forma diplom\u00e1tica.<\/li>\n<li style=\"text-align: justify;\"><strong>Oxford Test of English for Schools<\/strong>: Est\u00e1 recomendado para j\u00f3venes de entre 12 y 16 a\u00f1os. Aunque el nivel y formato son los mismos que los del Oxford Test of English, el contenido ha sido adaptado para reflejar los intereses y experiencias de los estudiantes m\u00e1s j\u00f3venes.<\/li>\n<\/ul>\n<p>[\/et_pb_text][\/et_pb_column][\/et_pb_row][\/et_pb_section][et_pb_section fb_built=\u00bb1&#8243; module_id=\u00bbEquipoDirectivo\u00bb _builder_version=\u00bb4.27.4&#8243; _module_preset=\u00bbdefault\u00bb global_colors_info=\u00bb{}\u00bb background_color=\u00bb#ffffff\u00bb custom_padding=\u00bb50px|0px|40px|0px|false|false\u00bb border_width_bottom=\u00bb2px\u00bb border_color_bottom=\u00bbrgba(81,98,111,0.27)\u00bb border_style_bottom=\u00bbdashed\u00bb][et_pb_row _builder_version=\u00bb4.27.4&#8243; _module_preset=\u00bbdefault\u00bb global_colors_info=\u00bb{}\u00bb][et_pb_column type=\u00bb4_4&#8243; _builder_version=\u00bb4.27.4&#8243; _module_preset=\u00bbdefault\u00bb global_colors_info=\u00bb{}\u00bb][ba_animated_text prefix=\u00bbFecha del pr\u00f3ximo examen:\u00bb animated_text=\u00bb%91{%22value%22:%2216 de junio de 2025%22,%22checked%22:0,%22dragID%22:-1}%93&#8243; animation_type=\u00bbtilt\u00bb tilt_in=\u00bbtada\u00bb tilt_out=\u00bbtada\u00bb tilt_delay=\u00bb100ms\u00bb tilt_sync=\u00bbon|on\u00bb text_alignment=\u00bbcenter\u00bb _builder_version=\u00bb4.27.4&#8243; _module_preset=\u00bbdefault\u00bb animated_text_color=\u00bb#354559&#8243; animated_font_size=\u00bb43px\u00bb main_text_color=\u00bb#3979ff\u00bb global_colors_info=\u00bb{}\u00bb][\/ba_animated_text][\/et_pb_column][\/et_pb_row][\/et_pb_section][et_pb_section fb_built=\u00bb1&#8243; module_id=\u00bbprecios\u00bb _builder_version=\u00bb4.27.4&#8243; _module_preset=\u00bbdefault\u00bb hover_enabled=\u00bb0&#8243; global_colors_info=\u00bb{}\u00bb sticky_enabled=\u00bb0&#8243;][\/et_pb_section]<\/p>\n","protected":false},"excerpt":{"rendered":"<p>Somos un centro examinador oficial de la Universidad de Oxford, lo que nos permite ofrecer los \u00fanicos ex\u00e1menes de competencia general en ingl\u00e9s certificados por esta prestigiosa instituci\u00f3n: el\u00a0Oxford Test of English, el\u00a0Oxford Test of English for Schools\u00a0y el\u00a0Oxford Test of English Advanced. Estos ex\u00e1menes, basados en tecnolog\u00eda adaptativa, garantizan una evaluaci\u00f3n precisa con resultados [&hellip;]<\/p>\n","protected":false},"author":11,"featured_media":0,"parent":14698,"menu_order":0,"comment_status":"closed","ping_status":"closed","template":"","meta":{"_et_pb_use_builder":"on","_et_pb_old_content":"","_et_gb_content_width":"","footnotes":""},"class_list":["post-10445","page","type-page","status-publish","hentry"],"yoast_head":"<!-- This site is optimized with the Yoast SEO plugin v27.3 - https:\/\/yoast.com\/product\/yoast-seo-wordpress\/ -->\n<title>Oxford Test Of English - Colegio Salesianos Badajoz<\/title>\n<meta name=\"description\" content=\"Oxford Test Of English\" \/>\n<meta name=\"robots\" content=\"index, follow, max-snippet:-1, max-image-preview:large, max-video-preview:-1\" \/>\n<link rel=\"canonical\" href=\"https:\/\/badajoz.salesianos.edu\/colegio\/servicios\/examenes-de-idiomas\/oxford\/\" \/>\n<meta property=\"og:locale\" content=\"es_ES\" \/>\n<meta property=\"og:type\" content=\"article\" \/>\n<meta property=\"og:title\" content=\"Oxford Test Of English - Colegio Salesianos Badajoz\" \/>\n<meta property=\"og:description\" content=\"Oxford Test Of English\" \/>\n<meta property=\"og:url\" content=\"https:\/\/badajoz.salesianos.edu\/colegio\/servicios\/examenes-de-idiomas\/oxford\/\" \/>\n<meta property=\"og:site_name\" content=\"Colegio Salesianos Badajoz\" \/>\n<meta property=\"article:modified_time\" content=\"2025-06-15T16:39:17+00:00\" \/>\n<meta name=\"twitter:card\" content=\"summary_large_image\" \/>\n<meta name=\"twitter:label1\" content=\"Tiempo de lectura\" \/>\n\t<meta name=\"twitter:data1\" content=\"1 minuto\" \/>\n<script type=\"application\/ld+json\" class=\"yoast-schema-graph\">{\"@context\":\"https:\\\/\\\/schema.org\",\"@graph\":[{\"@type\":\"WebPage\",\"@id\":\"https:\\\/\\\/badajoz.salesianos.edu\\\/colegio\\\/servicios\\\/examenes-de-idiomas\\\/oxford\\\/\",\"url\":\"https:\\\/\\\/badajoz.salesianos.edu\\\/colegio\\\/servicios\\\/examenes-de-idiomas\\\/oxford\\\/\",\"name\":\"Oxford Test Of English - Colegio Salesianos Badajoz\",\"isPartOf\":{\"@id\":\"https:\\\/\\\/badajoz.salesianos.edu\\\/colegio\\\/#website\"},\"datePublished\":\"2019-06-12T11:20:48+00:00\",\"dateModified\":\"2025-06-15T16:39:17+00:00\",\"description\":\"Oxford Test Of English\",\"breadcrumb\":{\"@id\":\"https:\\\/\\\/badajoz.salesianos.edu\\\/colegio\\\/servicios\\\/examenes-de-idiomas\\\/oxford\\\/#breadcrumb\"},\"inLanguage\":\"es\",\"potentialAction\":[{\"@type\":\"ReadAction\",\"target\":[\"https:\\\/\\\/badajoz.salesianos.edu\\\/colegio\\\/servicios\\\/examenes-de-idiomas\\\/oxford\\\/\"]}]},{\"@type\":\"BreadcrumbList\",\"@id\":\"https:\\\/\\\/badajoz.salesianos.edu\\\/colegio\\\/servicios\\\/examenes-de-idiomas\\\/oxford\\\/#breadcrumb\",\"itemListElement\":[{\"@type\":\"ListItem\",\"position\":1,\"name\":\"Colegio\",\"item\":\"https:\\\/\\\/badajoz.salesianos.edu\\\/colegio\\\/\"},{\"@type\":\"ListItem\",\"position\":2,\"name\":\"Servicios\",\"item\":\"https:\\\/\\\/badajoz.salesianos.edu\\\/colegio\\\/servicios\\\/\"},{\"@type\":\"ListItem\",\"position\":3,\"name\":\"Ex\u00e1menes de Idiomas\",\"item\":\"https:\\\/\\\/badajoz.salesianos.edu\\\/colegio\\\/servicios\\\/examenes-de-idiomas\\\/\"},{\"@type\":\"ListItem\",\"position\":4,\"name\":\"Oxford Test Of English\"}]},{\"@type\":\"WebSite\",\"@id\":\"https:\\\/\\\/badajoz.salesianos.edu\\\/colegio\\\/#website\",\"url\":\"https:\\\/\\\/badajoz.salesianos.edu\\\/colegio\\\/\",\"name\":\"Colegio Salesianos Badajoz\",\"description\":\"P\u00e1gina oficial Salesianos Badajoz\",\"potentialAction\":[{\"@type\":\"SearchAction\",\"target\":{\"@type\":\"EntryPoint\",\"urlTemplate\":\"https:\\\/\\\/badajoz.salesianos.edu\\\/colegio\\\/?s={search_term_string}\"},\"query-input\":{\"@type\":\"PropertyValueSpecification\",\"valueRequired\":true,\"valueName\":\"search_term_string\"}}],\"inLanguage\":\"es\"}]}<\/script>\n<!-- \/ Yoast SEO plugin. -->","yoast_head_json":{"title":"Oxford Test Of English - Colegio Salesianos Badajoz","description":"Oxford Test Of English","robots":{"index":"index","follow":"follow","max-snippet":"max-snippet:-1","max-image-preview":"max-image-preview:large","max-video-preview":"max-video-preview:-1"},"canonical":"https:\/\/badajoz.salesianos.edu\/colegio\/servicios\/examenes-de-idiomas\/oxford\/","og_locale":"es_ES","og_type":"article","og_title":"Oxford Test Of English - Colegio Salesianos Badajoz","og_description":"Oxford Test Of English","og_url":"https:\/\/badajoz.salesianos.edu\/colegio\/servicios\/examenes-de-idiomas\/oxford\/","og_site_name":"Colegio Salesianos Badajoz","article_modified_time":"2025-06-15T16:39:17+00:00","twitter_card":"summary_large_image","twitter_misc":{"Tiempo de lectura":"1 minuto"},"schema":{"@context":"https:\/\/schema.org","@graph":[{"@type":"WebPage","@id":"https:\/\/badajoz.salesianos.edu\/colegio\/servicios\/examenes-de-idiomas\/oxford\/","url":"https:\/\/badajoz.salesianos.edu\/colegio\/servicios\/examenes-de-idiomas\/oxford\/","name":"Oxford Test Of English - Colegio Salesianos Badajoz","isPartOf":{"@id":"https:\/\/badajoz.salesianos.edu\/colegio\/#website"},"datePublished":"2019-06-12T11:20:48+00:00","dateModified":"2025-06-15T16:39:17+00:00","description":"Oxford Test Of English","breadcrumb":{"@id":"https:\/\/badajoz.salesianos.edu\/colegio\/servicios\/examenes-de-idiomas\/oxford\/#breadcrumb"},"inLanguage":"es","potentialAction":[{"@type":"ReadAction","target":["https:\/\/badajoz.salesianos.edu\/colegio\/servicios\/examenes-de-idiomas\/oxford\/"]}]},{"@type":"BreadcrumbList","@id":"https:\/\/badajoz.salesianos.edu\/colegio\/servicios\/examenes-de-idiomas\/oxford\/#breadcrumb","itemListElement":[{"@type":"ListItem","position":1,"name":"Colegio","item":"https:\/\/badajoz.salesianos.edu\/colegio\/"},{"@type":"ListItem","position":2,"name":"Servicios","item":"https:\/\/badajoz.salesianos.edu\/colegio\/servicios\/"},{"@type":"ListItem","position":3,"name":"Ex\u00e1menes de Idiomas","item":"https:\/\/badajoz.salesianos.edu\/colegio\/servicios\/examenes-de-idiomas\/"},{"@type":"ListItem","position":4,"name":"Oxford Test Of English"}]},{"@type":"WebSite","@id":"https:\/\/badajoz.salesianos.edu\/colegio\/#website","url":"https:\/\/badajoz.salesianos.edu\/colegio\/","name":"Colegio Salesianos Badajoz","description":"P\u00e1gina oficial Salesianos Badajoz","potentialAction":[{"@type":"SearchAction","target":{"@type":"EntryPoint","urlTemplate":"https:\/\/badajoz.salesianos.edu\/colegio\/?s={search_term_string}"},"query-input":{"@type":"PropertyValueSpecification","valueRequired":true,"valueName":"search_term_string"}}],"inLanguage":"es"}]}},"_links":{"self":[{"href":"https:\/\/badajoz.salesianos.edu\/colegio\/wp-json\/wp\/v2\/pages\/10445","targetHints":{"allow":["GET"]}}],"collection":[{"href":"https:\/\/badajoz.salesianos.edu\/colegio\/wp-json\/wp\/v2\/pages"}],"about":[{"href":"https:\/\/badajoz.salesianos.edu\/colegio\/wp-json\/wp\/v2\/types\/page"}],"author":[{"embeddable":true,"href":"https:\/\/badajoz.salesianos.edu\/colegio\/wp-json\/wp\/v2\/users\/11"}],"replies":[{"embeddable":true,"href":"https:\/\/badajoz.salesianos.edu\/colegio\/wp-json\/wp\/v2\/comments?post=10445"}],"version-history":[{"count":11,"href":"https:\/\/badajoz.salesianos.edu\/colegio\/wp-json\/wp\/v2\/pages\/10445\/revisions"}],"predecessor-version":[{"id":15601,"href":"https:\/\/badajoz.salesianos.edu\/colegio\/wp-json\/wp\/v2\/pages\/10445\/revisions\/15601"}],"up":[{"embeddable":true,"href":"https:\/\/badajoz.salesianos.edu\/colegio\/wp-json\/wp\/v2\/pages\/14698"}],"wp:attachment":[{"href":"https:\/\/badajoz.salesianos.edu\/colegio\/wp-json\/wp\/v2\/media?parent=10445"}],"curies":[{"name":"wp","href":"https:\/\/api.w.org\/{rel}","templated":true}]}}